{"id":572,"date":"2017-03-27T13:38:04","date_gmt":"2017-03-27T13:38:04","guid":{"rendered":"http:\/\/alfareriadebailen.com\/inicio\/cristobal-arance\/localizacion\/"},"modified":"2026-04-28T17:52:52","modified_gmt":"2026-04-28T17:52:52","slug":"localizacion","status":"publish","type":"page","link":"http:\/\/alfareriadebailen.com\/fr\/inicio\/cristobal-arance\/localizacion\/","title":{"rendered":"Localizaci\u00f3n"},"content":{"rendered":"<p><strong>Crist\u00f3bal Arance<\/strong>. Carretera Bailen-Motril Km1 &#8211; 23710 Bail\u00e9n (Ja\u00e9n)<\/p>\n<p><iframe loading=\"lazy\" style=\"border: 0;\" src=\"https:\/\/www.google.com\/maps?q=38.083920,-3.779664&amp;hl=es&amp;z=15&amp;output=embed\" width=\"100%\" height=\"400\" allowfullscreen=\"allowfullscreen\"><br \/>\n<\/iframe><\/p>\n","protected":false},"excerpt":{"rendered":"<p>Crist\u00f3bal Arance. Carretera Bailen-Motril Km1 &#8211; 23710 Bail\u00e9n (Ja\u00e9n)<\/p>\n","protected":false},"author":3,"featured_media":0,"parent":478,"menu_order":0,"comment_status":"closed","ping_status":"closed","template":"","meta":{"footnotes":""},"class_list":["post-572","page","type-page","status-publish","hentry"],"acf":[],"yoast_head":"<!-- This site is optimized with the Yoast SEO plugin v27.4 - https:\/\/yoast.com\/product\/yoast-seo-wordpress\/ -->\n<title>Localizaci\u00f3n - Alfareria de Bailen<\/title>\n<meta name=\"robots\" content=\"index, follow, max-snippet:-1, max-image-preview:large, max-video-preview:-1\" \/>\n<link rel=\"canonical\" href=\"https:\/\/alfareriadebailen.com\/fr\/inicio\/cristobal-arance\/localizacion\/\" \/>\n<meta property=\"og:locale\" content=\"fr_FR\" \/>\n<meta property=\"og:type\" content=\"article\" \/>\n<meta property=\"og:title\" content=\"Localizaci\u00f3n - Alfareria de Bailen\" \/>\n<meta property=\"og:description\" content=\"Crist\u00f3bal Arance. Carretera Bailen-Motril Km1 &#8211; 23710 Bail\u00e9n (Ja\u00e9n)\" \/>\n<meta property=\"og:url\" content=\"https:\/\/alfareriadebailen.com\/fr\/inicio\/cristobal-arance\/localizacion\/\" \/>\n<meta property=\"og:site_name\" content=\"Alfareria de Bailen\" \/>\n<meta property=\"article:modified_time\" content=\"2026-04-28T17:52:52+00:00\" \/>\n<meta name=\"twitter:card\" content=\"summary_large_image\" \/>\n<meta name=\"twitter:label1\" content=\"Dur\u00e9e de lecture estim\u00e9e\" \/>\n\t<meta name=\"twitter:data1\" content=\"1 minute\" \/>\n<script type=\"application\/ld+json\" class=\"yoast-schema-graph\">{\"@context\":\"https:\\\/\\\/schema.org\",\"@graph\":[{\"@type\":\"WebPage\",\"@id\":\"https:\\\/\\\/alfareriadebailen.com\\\/fr\\\/inicio\\\/cristobal-arance\\\/localizacion\\\/\",\"url\":\"https:\\\/\\\/alfareriadebailen.com\\\/fr\\\/inicio\\\/cristobal-arance\\\/localizacion\\\/\",\"name\":\"Localizaci\u00f3n - Alfareria de Bailen\",\"isPartOf\":{\"@id\":\"http:\\\/\\\/alfareriadebailen.com\\\/#website\"},\"datePublished\":\"2017-03-27T13:38:04+00:00\",\"dateModified\":\"2026-04-28T17:52:52+00:00\",\"breadcrumb\":{\"@id\":\"https:\\\/\\\/alfareriadebailen.com\\\/fr\\\/inicio\\\/cristobal-arance\\\/localizacion\\\/#breadcrumb\"},\"inLanguage\":\"fr-FR\",\"potentialAction\":[{\"@type\":\"ReadAction\",\"target\":[\"https:\\\/\\\/alfareriadebailen.com\\\/fr\\\/inicio\\\/cristobal-arance\\\/localizacion\\\/\"]}]},{\"@type\":\"BreadcrumbList\",\"@id\":\"https:\\\/\\\/alfareriadebailen.com\\\/fr\\\/inicio\\\/cristobal-arance\\\/localizacion\\\/#breadcrumb\",\"itemListElement\":[{\"@type\":\"ListItem\",\"position\":1,\"name\":\"Portada\",\"item\":\"https:\\\/\\\/alfareriadebailen.com\\\/fr\\\/\"},{\"@type\":\"ListItem\",\"position\":2,\"name\":\"Inicio FR\",\"item\":\"http:\\\/\\\/alfareriadebailen.com\\\/fr\\\/inicio\\\/\"},{\"@type\":\"ListItem\",\"position\":3,\"name\":\"Crist\u00f3bal Arance\",\"item\":\"https:\\\/\\\/alfareriadebailen.com\\\/fr\\\/\"},{\"@type\":\"ListItem\",\"position\":4,\"name\":\"Localizaci\u00f3n\"}]},{\"@type\":\"WebSite\",\"@id\":\"http:\\\/\\\/alfareriadebailen.com\\\/#website\",\"url\":\"http:\\\/\\\/alfareriadebailen.com\\\/\",\"name\":\"Alfareria de Bailen\",\"description\":\"\",\"potentialAction\":[{\"@type\":\"SearchAction\",\"target\":{\"@type\":\"EntryPoint\",\"urlTemplate\":\"http:\\\/\\\/alfareriadebailen.com\\\/?s={search_term_string}\"},\"query-input\":{\"@type\":\"PropertyValueSpecification\",\"valueRequired\":true,\"valueName\":\"search_term_string\"}}],\"inLanguage\":\"fr-FR\"}]}<\/script>\n<!-- \/ Yoast SEO plugin. -->","yoast_head_json":{"title":"Localizaci\u00f3n - Alfareria de Bailen","robots":{"index":"index","follow":"follow","max-snippet":"max-snippet:-1","max-image-preview":"max-image-preview:large","max-video-preview":"max-video-preview:-1"},"canonical":"https:\/\/alfareriadebailen.com\/fr\/inicio\/cristobal-arance\/localizacion\/","og_locale":"fr_FR","og_type":"article","og_title":"Localizaci\u00f3n - Alfareria de Bailen","og_description":"Crist\u00f3bal Arance. Carretera Bailen-Motril Km1 &#8211; 23710 Bail\u00e9n (Ja\u00e9n)","og_url":"https:\/\/alfareriadebailen.com\/fr\/inicio\/cristobal-arance\/localizacion\/","og_site_name":"Alfareria de Bailen","article_modified_time":"2026-04-28T17:52:52+00:00","twitter_card":"summary_large_image","twitter_misc":{"Dur\u00e9e de lecture estim\u00e9e":"1 minute"},"schema":{"@context":"https:\/\/schema.org","@graph":[{"@type":"WebPage","@id":"https:\/\/alfareriadebailen.com\/fr\/inicio\/cristobal-arance\/localizacion\/","url":"https:\/\/alfareriadebailen.com\/fr\/inicio\/cristobal-arance\/localizacion\/","name":"Localizaci\u00f3n - Alfareria de Bailen","isPartOf":{"@id":"http:\/\/alfareriadebailen.com\/#website"},"datePublished":"2017-03-27T13:38:04+00:00","dateModified":"2026-04-28T17:52:52+00:00","breadcrumb":{"@id":"https:\/\/alfareriadebailen.com\/fr\/inicio\/cristobal-arance\/localizacion\/#breadcrumb"},"inLanguage":"fr-FR","potentialAction":[{"@type":"ReadAction","target":["https:\/\/alfareriadebailen.com\/fr\/inicio\/cristobal-arance\/localizacion\/"]}]},{"@type":"BreadcrumbList","@id":"https:\/\/alfareriadebailen.com\/fr\/inicio\/cristobal-arance\/localizacion\/#breadcrumb","itemListElement":[{"@type":"ListItem","position":1,"name":"Portada","item":"https:\/\/alfareriadebailen.com\/fr\/"},{"@type":"ListItem","position":2,"name":"Inicio FR","item":"http:\/\/alfareriadebailen.com\/fr\/inicio\/"},{"@type":"ListItem","position":3,"name":"Crist\u00f3bal Arance","item":"https:\/\/alfareriadebailen.com\/fr\/"},{"@type":"ListItem","position":4,"name":"Localizaci\u00f3n"}]},{"@type":"WebSite","@id":"http:\/\/alfareriadebailen.com\/#website","url":"http:\/\/alfareriadebailen.com\/","name":"Alfareria de Bailen","description":"","potentialAction":[{"@type":"SearchAction","target":{"@type":"EntryPoint","urlTemplate":"http:\/\/alfareriadebailen.com\/?s={search_term_string}"},"query-input":{"@type":"PropertyValueSpecification","valueRequired":true,"valueName":"search_term_string"}}],"inLanguage":"fr-FR"}]}},"_links":{"self":[{"href":"http:\/\/alfareriadebailen.com\/fr\/wp-json\/wp\/v2\/pages\/572","targetHints":{"allow":["GET"]}}],"collection":[{"href":"http:\/\/alfareriadebailen.com\/fr\/wp-json\/wp\/v2\/pages"}],"about":[{"href":"http:\/\/alfareriadebailen.com\/fr\/wp-json\/wp\/v2\/types\/page"}],"author":[{"embeddable":true,"href":"http:\/\/alfareriadebailen.com\/fr\/wp-json\/wp\/v2\/users\/3"}],"replies":[{"embeddable":true,"href":"http:\/\/alfareriadebailen.com\/fr\/wp-json\/wp\/v2\/comments?post=572"}],"version-history":[{"count":6,"href":"http:\/\/alfareriadebailen.com\/fr\/wp-json\/wp\/v2\/pages\/572\/revisions"}],"predecessor-version":[{"id":1713,"href":"http:\/\/alfareriadebailen.com\/fr\/wp-json\/wp\/v2\/pages\/572\/revisions\/1713"}],"up":[{"embeddable":true,"href":"http:\/\/alfareriadebailen.com\/fr\/wp-json\/wp\/v2\/pages\/478"}],"wp:attachment":[{"href":"http:\/\/alfareriadebailen.com\/fr\/wp-json\/wp\/v2\/media?parent=572"}],"curies":[{"name":"wp","href":"https:\/\/api.w.org\/{rel}","templated":true}]}}